
{"id":20479,"date":"2026-02-20T15:15:23","date_gmt":"2026-02-20T15:15:23","guid":{"rendered":"https:\/\/josegourmet.store\/?page_id=20479"},"modified":"2026-03-02T13:32:55","modified_gmt":"2026-03-02T13:32:55","slug":"azeites","status":"publish","type":"page","link":"https:\/\/josegourmet.store\/en\/azeites\/","title":{"rendered":"Azeites"},"content":{"rendered":"\t\t<div data-elementor-type=\"wp-page\" data-elementor-id=\"20479\" class=\"elementor elementor-20479\" data-elementor-post-type=\"page\">\n\t\t\t\t<div data-particle_enable=\"false\" data-particle-mobile-disabled=\"false\" class=\"elementor-element elementor-element-f91697b e-flex e-con-boxed e-con e-parent\" data-id=\"f91697b\" data-element_type=\"container\" data-e-type=\"container\">\n\t\t\t\t\t<div class=\"e-con-inner\">\n\t\t\t\t<div class=\"elementor-element elementor-element-1caf2bd elementor-widget__width-initial elementor-widget elementor-widget-heading\" data-id=\"1caf2bd\" data-element_type=\"widget\" data-e-type=\"widget\" data-widget_type=\"heading.default\">\n\t\t\t\t<div class=\"elementor-widget-container\">\n\t\t\t\t\t<h2 class=\"elementor-heading-title elementor-size-default\">NOSSOS azeites<\/h2>\t\t\t\t<\/div>\n\t\t\t\t<\/div>\n\t\t\t\t<div class=\"elementor-element elementor-element-39b28c2 elementor-widget-tablet__width-initial elementor-widget elementor-widget-text-editor\" data-id=\"39b28c2\" data-element_type=\"widget\" data-e-type=\"widget\" data-widget_type=\"text-editor.default\">\n\t\t\t\t<div class=\"elementor-widget-container\">\n\t\t\t\t\t\t\t\t\t<p>O azeite portugu\u00eas \u00e9 mundialmente reconhecido pela sua qualidade excepcional e sabor rico. Origin\u00e1rio do cora\u00e7\u00e3o de regi\u00f5es como o Alentejo e Tr\u00e1s-os-Montes, a tradi\u00e7\u00e3o e a inova\u00e7\u00e3o juntam-se para criar azeites que real\u00e7am qualquer prato. Experimente o sabor da excel\u00eancia. Escolha o azeite portugu\u00eas.<\/p>\t\t\t\t\t\t\t\t<\/div>\n\t\t\t\t<\/div>\n\t\t\t\t\t<\/div>\n\t\t\t\t<\/div>\n\t\t<div data-particle_enable=\"false\" data-particle-mobile-disabled=\"false\" class=\"elementor-element elementor-element-70417fa e-flex e-con-boxed e-con e-parent\" data-id=\"70417fa\" data-element_type=\"container\" data-e-type=\"container\">\n\t\t\t\t\t<div class=\"e-con-inner\">\n\t\t\t\t<div class=\"woocommerce elementor-element elementor-element-7e7202f elementor-grid-tablet-3 elementor-grid-3 elementor-grid-mobile-2 elementor-widget-tablet__width-initial elementor-widget__width-initial elementor-widget elementor-widget-loop-grid\" data-id=\"7e7202f\" data-element_type=\"widget\" data-e-type=\"widget\" data-settings=\"{&quot;_skin&quot;:&quot;product_taxonomy&quot;,&quot;template_id&quot;:&quot;19666&quot;,&quot;row_gap&quot;:{&quot;unit&quot;:&quot;px&quot;,&quot;size&quot;:0,&quot;sizes&quot;:[]},&quot;columns_tablet&quot;:3,&quot;row_gap_mobile&quot;:{&quot;unit&quot;:&quot;px&quot;,&quot;size&quot;:0,&quot;sizes&quot;:[]},&quot;columns&quot;:3,&quot;columns_mobile&quot;:2,&quot;edit_handle_selector&quot;:&quot;[data-elementor-type=\\&quot;loop-item\\&quot;]&quot;,&quot;row_gap_tablet&quot;:{&quot;unit&quot;:&quot;px&quot;,&quot;size&quot;:&quot;&quot;,&quot;sizes&quot;:[]}}\" data-widget_type=\"loop-grid.product_taxonomy\">\n\t\t\t\t<div class=\"elementor-widget-container\">\n\t\t\t\t\t\t\t<div class=\"elementor-loop-container elementor-grid\" role=\"list\">\n\t\t<style id=\"loop-19666\">.elementor-19666 .elementor-element.elementor-element-54e65b9{--display:flex;--min-height:261px;--flex-direction:column;--container-widget-width:calc( ( 1 - var( --container-widget-flex-grow ) ) * 100% );--container-widget-height:initial;--container-widget-flex-grow:0;--container-widget-align-self:initial;--flex-wrap-mobile:wrap;--justify-content:flex-end;--align-items:center;--gap:0px 0px;--row-gap:0px;--column-gap:0px;}.elementor-19666 .elementor-element.elementor-element-f0b7857{width:var( --container-widget-width, 80% );max-width:80%;--container-widget-width:80%;--container-widget-flex-grow:0;}.elementor-19666 .elementor-element.elementor-element-26fdf14 .elementor-button{font-family:\"01Barlow Condensed\", Sans-serif;font-size:38px;font-weight:500;text-transform:uppercase;fill:#000000;color:#000000;background-color:#FFFFFF;border-style:solid;border-width:2px 0px 0px 0px;border-color:#DEDEDE;border-radius:0px 0px 0px 0px;padding:4px 6px 0px 6px;}.elementor-19666 .elementor-element.elementor-element-26fdf14 > .elementor-widget-container{padding:10px 0px 0px 0px;}@media(max-width:1024px){.elementor-19666 .elementor-element.elementor-element-26fdf14 .elementor-button{font-size:37px;}}@media(min-width:768px){.elementor-19666 .elementor-element.elementor-element-54e65b9{--content-width:100%;}}@media(max-width:767px){.elementor-19666 .elementor-element.elementor-element-54e65b9{--min-height:180px;}.elementor-19666 .elementor-element.elementor-element-26fdf14 .elementor-button{font-size:31px;}}<\/style>\t\t<div data-elementor-type=\"loop-item\" data-elementor-id=\"19666\" class=\"elementor elementor-19666 e-loop-item e-loop-item-154 \" data-elementor-post-type=\"elementor_library\" data-custom-edit-handle=\"1\">\n\t\t\t<div data-particle_enable=\"false\" data-particle-mobile-disabled=\"false\" class=\"elementor-element elementor-element-54e65b9 e-flex e-con-boxed e-con e-parent\" data-id=\"54e65b9\" data-element_type=\"container\" data-e-type=\"container\">\n\t\t\t\t\t<div class=\"e-con-inner\">\n\t\t\t\t<div class=\"elementor-element elementor-element-f0b7857 elementor-widget__width-initial elementor-widget elementor-widget-image\" data-id=\"f0b7857\" data-element_type=\"widget\" data-e-type=\"widget\" data-widget_type=\"image.default\">\n\t\t\t\t<div class=\"elementor-widget-container\">\n\t\t\t\t\t\t\t\t\t\t\t\t\t\t\t\t<a href=\"https:\/\/josegourmet.store\/en\/product-category\/marcas\/jose\/azeite\/alentejo\/\">\n\t\t\t\t\t\t\t<img fetchpriority=\"high\" decoding=\"async\" width=\"300\" height=\"178\" src=\"https:\/\/josegourmet.store\/wp-content\/uploads\/2025\/01\/Olive-Oil-from-Alentejo-Interior-\u2013-PDO-300x178.png\" class=\"attachment-medium size-medium wp-image-853\" alt=\"\" srcset=\"https:\/\/josegourmet.store\/wp-content\/uploads\/2025\/01\/Olive-Oil-from-Alentejo-Interior-\u2013-PDO-300x178.png 300w, https:\/\/josegourmet.store\/wp-content\/uploads\/2025\/01\/Olive-Oil-from-Alentejo-Interior-\u2013-PDO-64x38.png 64w, https:\/\/josegourmet.store\/wp-content\/uploads\/2025\/01\/Olive-Oil-from-Alentejo-Interior-\u2013-PDO.png 466w\" sizes=\"(max-width: 300px) 100vw, 300px\" \/>\t\t\t\t\t\t\t\t<\/a>\n\t\t\t\t\t\t\t\t\t\t\t\t\t\t\t<\/div>\n\t\t\t\t<\/div>\n\t\t\t\t<div class=\"elementor-element elementor-element-26fdf14 elementor-align-center elementor-widget elementor-widget-button\" data-id=\"26fdf14\" data-element_type=\"widget\" data-e-type=\"widget\" data-widget_type=\"button.default\">\n\t\t\t\t<div class=\"elementor-widget-container\">\n\t\t\t\t\t\t\t\t\t<div class=\"elementor-button-wrapper\">\n\t\t\t\t\t<a class=\"elementor-button elementor-button-link elementor-size-sm elementor-animation-grow\" href=\"https:\/\/josegourmet.store\/en\/product-category\/marcas\/jose\/azeite\/alentejo\/\">\n\t\t\t\t\t\t<span class=\"elementor-button-content-wrapper\">\n\t\t\t\t\t\t\t\t\t<span class=\"elementor-button-text\">Alentejo<\/span>\n\t\t\t\t\t<\/span>\n\t\t\t\t\t<\/a>\n\t\t\t\t<\/div>\n\t\t\t\t\t\t\t\t<\/div>\n\t\t\t\t<\/div>\n\t\t\t\t\t<\/div>\n\t\t\t\t<\/div>\n\t\t\t\t<\/div>\n\t\t\t\t<div data-elementor-type=\"loop-item\" data-elementor-id=\"19666\" class=\"elementor elementor-19666 e-loop-item e-loop-item-157 \" data-elementor-post-type=\"elementor_library\" data-custom-edit-handle=\"1\">\n\t\t\t<div data-particle_enable=\"false\" data-particle-mobile-disabled=\"false\" class=\"elementor-element elementor-element-54e65b9 e-flex e-con-boxed e-con e-parent\" data-id=\"54e65b9\" data-element_type=\"container\" data-e-type=\"container\">\n\t\t\t\t\t<div class=\"e-con-inner\">\n\t\t\t\t<div class=\"elementor-element elementor-element-f0b7857 elementor-widget__width-initial elementor-widget elementor-widget-image\" data-id=\"f0b7857\" data-element_type=\"widget\" data-e-type=\"widget\" data-widget_type=\"image.default\">\n\t\t\t\t<div class=\"elementor-widget-container\">\n\t\t\t\t\t\t\t\t\t\t\t\t\t\t\t\t<a href=\"https:\/\/josegourmet.store\/en\/product-category\/marcas\/jose\/azeite\/douro\/\">\n\t\t\t\t\t\t\t<img decoding=\"async\" width=\"300\" height=\"178\" src=\"https:\/\/josegourmet.store\/wp-content\/uploads\/2025\/01\/douro-300x178.jpg\" class=\"attachment-medium size-medium wp-image-593\" alt=\"\" srcset=\"https:\/\/josegourmet.store\/wp-content\/uploads\/2025\/01\/douro-300x178.jpg 300w, https:\/\/josegourmet.store\/wp-content\/uploads\/2025\/01\/douro-64x38.jpg 64w, https:\/\/josegourmet.store\/wp-content\/uploads\/2025\/01\/douro.jpg 466w\" sizes=\"(max-width: 300px) 100vw, 300px\" \/>\t\t\t\t\t\t\t\t<\/a>\n\t\t\t\t\t\t\t\t\t\t\t\t\t\t\t<\/div>\n\t\t\t\t<\/div>\n\t\t\t\t<div class=\"elementor-element elementor-element-26fdf14 elementor-align-center elementor-widget elementor-widget-button\" data-id=\"26fdf14\" data-element_type=\"widget\" data-e-type=\"widget\" data-widget_type=\"button.default\">\n\t\t\t\t<div class=\"elementor-widget-container\">\n\t\t\t\t\t\t\t\t\t<div class=\"elementor-button-wrapper\">\n\t\t\t\t\t<a class=\"elementor-button elementor-button-link elementor-size-sm elementor-animation-grow\" href=\"https:\/\/josegourmet.store\/en\/product-category\/marcas\/jose\/azeite\/douro\/\">\n\t\t\t\t\t\t<span class=\"elementor-button-content-wrapper\">\n\t\t\t\t\t\t\t\t\t<span class=\"elementor-button-text\">Douro<\/span>\n\t\t\t\t\t<\/span>\n\t\t\t\t\t<\/a>\n\t\t\t\t<\/div>\n\t\t\t\t\t\t\t\t<\/div>\n\t\t\t\t<\/div>\n\t\t\t\t\t<\/div>\n\t\t\t\t<\/div>\n\t\t\t\t<\/div>\n\t\t\t\t<div data-elementor-type=\"loop-item\" data-elementor-id=\"19666\" class=\"elementor elementor-19666 e-loop-item e-loop-item-159 \" data-elementor-post-type=\"elementor_library\" data-custom-edit-handle=\"1\">\n\t\t\t<div data-particle_enable=\"false\" data-particle-mobile-disabled=\"false\" class=\"elementor-element elementor-element-54e65b9 e-flex e-con-boxed e-con e-parent\" data-id=\"54e65b9\" data-element_type=\"container\" data-e-type=\"container\">\n\t\t\t\t\t<div class=\"e-con-inner\">\n\t\t\t\t<div class=\"elementor-element elementor-element-f0b7857 elementor-widget__width-initial elementor-widget elementor-widget-image\" data-id=\"f0b7857\" data-element_type=\"widget\" data-e-type=\"widget\" data-widget_type=\"image.default\">\n\t\t\t\t<div class=\"elementor-widget-container\">\n\t\t\t\t\t\t\t\t\t\t\t\t\t\t\t\t<a href=\"https:\/\/josegourmet.store\/en\/product-category\/marcas\/jose\/azeite\/tras-os-montes\/\">\n\t\t\t\t\t\t\t<img decoding=\"async\" width=\"300\" height=\"178\" src=\"https:\/\/josegourmet.store\/wp-content\/uploads\/2025\/01\/trasosmontes2-300x178.png\" class=\"attachment-medium size-medium wp-image-823\" alt=\"\" srcset=\"https:\/\/josegourmet.store\/wp-content\/uploads\/2025\/01\/trasosmontes2-300x178.png 300w, https:\/\/josegourmet.store\/wp-content\/uploads\/2025\/01\/trasosmontes2-64x38.png 64w, https:\/\/josegourmet.store\/wp-content\/uploads\/2025\/01\/trasosmontes2.png 466w\" sizes=\"(max-width: 300px) 100vw, 300px\" \/>\t\t\t\t\t\t\t\t<\/a>\n\t\t\t\t\t\t\t\t\t\t\t\t\t\t\t<\/div>\n\t\t\t\t<\/div>\n\t\t\t\t<div class=\"elementor-element elementor-element-26fdf14 elementor-align-center elementor-widget elementor-widget-button\" data-id=\"26fdf14\" data-element_type=\"widget\" data-e-type=\"widget\" data-widget_type=\"button.default\">\n\t\t\t\t<div class=\"elementor-widget-container\">\n\t\t\t\t\t\t\t\t\t<div class=\"elementor-button-wrapper\">\n\t\t\t\t\t<a class=\"elementor-button elementor-button-link elementor-size-sm elementor-animation-grow\" href=\"https:\/\/josegourmet.store\/en\/product-category\/marcas\/jose\/azeite\/tras-os-montes\/\">\n\t\t\t\t\t\t<span class=\"elementor-button-content-wrapper\">\n\t\t\t\t\t\t\t\t\t<span class=\"elementor-button-text\">Tras-os-montes<\/span>\n\t\t\t\t\t<\/span>\n\t\t\t\t\t<\/a>\n\t\t\t\t<\/div>\n\t\t\t\t\t\t\t\t<\/div>\n\t\t\t\t<\/div>\n\t\t\t\t\t<\/div>\n\t\t\t\t<\/div>\n\t\t\t\t<\/div>\n\t\t\t\t<\/div>\n\t\t\t\t\t\t<\/div>\n\t\t\t\t<\/div>\n\t\t\t\t\t<\/div>\n\t\t\t\t<\/div>\n\t\t\t\t<\/div>\n\t\t","protected":false},"excerpt":{"rendered":"<p>NOSSOS azeites O azeite portugu\u00eas \u00e9 mundialmente reconhecido pela sua qualidade excepcional e sabor rico. Origin\u00e1rio do cora\u00e7\u00e3o de regi\u00f5es [&hellip;]<\/p>\n","protected":false},"author":1111,"featured_media":0,"parent":0,"menu_order":0,"comment_status":"closed","ping_status":"closed","template":"","meta":{"_acf_changed":false,"site-sidebar-layout":"no-sidebar","site-content-layout":"","ast-site-content-layout":"full-width-container","site-content-style":"default","site-sidebar-style":"default","ast-global-header-display":"disabled","ast-banner-title-visibility":"disabled","ast-main-header-display":"disabled","ast-hfb-above-header-display":"","ast-hfb-below-header-display":"","ast-hfb-mobile-header-display":"disabled","site-post-title":"","ast-breadcrumbs-content":"","ast-featured-img":"disabled","footer-sml-layout":"disabled","ast-disable-related-posts":"","theme-transparent-header-meta":"","adv-header-id-meta":"","stick-header-meta":"","header-above-stick-meta":"","header-main-stick-meta":"","header-below-stick-meta":"","astra-migrate-meta-layouts":"default","ast-page-background-enabled":"default","ast-page-background-meta":{"desktop":{"background-color":"var(--ast-global-color-5)","background-image":"","background-repeat":"repeat","background-position":"center center","background-size":"auto","background-attachment":"scroll","background-type":"","background-media":"","overlay-type":"","overlay-color":"","overlay-opacity":"","overlay-gradient":""},"tablet":{"background-color":"","background-image":"","background-repeat":"repeat","background-position":"center center","background-size":"auto","background-attachment":"scroll","background-type":"","background-media":"","overlay-type":"","overlay-color":"","overlay-opacity":"","overlay-gradient":""},"mobile":{"background-color":"","background-image":"","background-repeat":"repeat","background-position":"center center","background-size":"auto","background-attachment":"scroll","background-type":"","background-media":"","overlay-type":"","overlay-color":"","overlay-opacity":"","overlay-gradient":""}},"ast-content-background-meta":{"desktop":{"background-color":"var(--ast-global-color-4)","background-image":"","background-repeat":"repeat","background-position":"center center","background-size":"auto","background-attachment":"scroll","background-type":"","background-media":"","overlay-type":"","overlay-color":"","overlay-opacity":"","overlay-gradient":""},"tablet":{"background-color":"var(--ast-global-color-4)","background-image":"","background-repeat":"repeat","background-position":"center center","background-size":"auto","background-attachment":"scroll","background-type":"","background-media":"","overlay-type":"","overlay-color":"","overlay-opacity":"","overlay-gradient":""},"mobile":{"background-color":"var(--ast-global-color-4)","background-image":"","background-repeat":"repeat","background-position":"center center","background-size":"auto","background-attachment":"scroll","background-type":"","background-media":"","overlay-type":"","overlay-color":"","overlay-opacity":"","overlay-gradient":""}},"_joinchat":[],"footnotes":""},"class_list":["post-20479","page","type-page","status-publish","hentry"],"acf":[],"_links":{"self":[{"href":"https:\/\/josegourmet.store\/en\/wp-json\/wp\/v2\/pages\/20479","targetHints":{"allow":["GET"]}}],"collection":[{"href":"https:\/\/josegourmet.store\/en\/wp-json\/wp\/v2\/pages"}],"about":[{"href":"https:\/\/josegourmet.store\/en\/wp-json\/wp\/v2\/types\/page"}],"author":[{"embeddable":true,"href":"https:\/\/josegourmet.store\/en\/wp-json\/wp\/v2\/users\/1111"}],"replies":[{"embeddable":true,"href":"https:\/\/josegourmet.store\/en\/wp-json\/wp\/v2\/comments?post=20479"}],"version-history":[{"count":19,"href":"https:\/\/josegourmet.store\/en\/wp-json\/wp\/v2\/pages\/20479\/revisions"}],"predecessor-version":[{"id":20707,"href":"https:\/\/josegourmet.store\/en\/wp-json\/wp\/v2\/pages\/20479\/revisions\/20707"}],"wp:attachment":[{"href":"https:\/\/josegourmet.store\/en\/wp-json\/wp\/v2\/media?parent=20479"}],"curies":[{"name":"wp","href":"https:\/\/api.w.org\/{rel}","templated":true}]}}