
{"id":20437,"date":"2026-02-20T14:36:26","date_gmt":"2026-02-20T14:36:26","guid":{"rendered":"https:\/\/josegourmet.store\/?page_id=20437"},"modified":"2026-03-02T13:34:06","modified_gmt":"2026-03-02T13:34:06","slug":"outros","status":"publish","type":"page","link":"https:\/\/josegourmet.store\/en\/outros\/","title":{"rendered":"Outros"},"content":{"rendered":"\t\t<div data-elementor-type=\"wp-page\" data-elementor-id=\"20437\" class=\"elementor elementor-20437\" data-elementor-post-type=\"page\">\n\t\t\t\t<div data-particle_enable=\"false\" data-particle-mobile-disabled=\"false\" class=\"elementor-element elementor-element-f91697b e-flex e-con-boxed e-con e-parent\" data-id=\"f91697b\" data-element_type=\"container\" data-e-type=\"container\">\n\t\t\t\t\t<div class=\"e-con-inner\">\n\t\t\t\t<div class=\"elementor-element elementor-element-1caf2bd elementor-widget__width-initial elementor-widget elementor-widget-heading\" data-id=\"1caf2bd\" data-element_type=\"widget\" data-e-type=\"widget\" data-widget_type=\"heading.default\">\n\t\t\t\t<div class=\"elementor-widget-container\">\n\t\t\t\t\t<h2 class=\"elementor-heading-title elementor-size-default\">outros produtos<\/h2>\t\t\t\t<\/div>\n\t\t\t\t<\/div>\n\t\t\t\t<div class=\"elementor-element elementor-element-b280e82 elementor-widget-tablet__width-initial elementor-widget elementor-widget-text-editor\" data-id=\"b280e82\" data-element_type=\"widget\" data-e-type=\"widget\" data-widget_type=\"text-editor.default\">\n\t\t\t\t<div class=\"elementor-widget-container\">\n\t\t\t\t\t\t\t\t\t<p>A nossa empresa oferece uma variedade de produtos de alta qualidade para satisfazer diferentes gostos e necessidades. Al\u00e9m de bebidas alco\u00f3licas cuidadosamente selecionadas, fornecemos recipientes ideais para armazenar conservas de forma pr\u00e1tica e segura. A nossa linha de vinagres \u00e9 elaborada com ingredientes selecionados, garantindo um sabor e qualidade incompar\u00e1veis. Para presentes especiais, oferecemos kits de conservas que combinam tradi\u00e7\u00e3o e sabor. E para ado\u00e7ar o seu dia, temos mel puro e compotas artesanais, perfeitas para complementar v\u00e1rias refei\u00e7\u00f5es.<\/p>\t\t\t\t\t\t\t\t<\/div>\n\t\t\t\t<\/div>\n\t\t\t\t\t<\/div>\n\t\t\t\t<\/div>\n\t\t<div data-particle_enable=\"false\" data-particle-mobile-disabled=\"false\" class=\"elementor-element elementor-element-70417fa e-flex e-con-boxed e-con e-parent\" data-id=\"70417fa\" data-element_type=\"container\" data-e-type=\"container\">\n\t\t\t\t\t<div class=\"e-con-inner\">\n\t\t\t\t<div class=\"woocommerce elementor-element elementor-element-7e7202f elementor-grid-tablet-3 elementor-grid-3 elementor-grid-mobile-2 elementor-widget-tablet__width-initial elementor-widget__width-initial elementor-widget elementor-widget-loop-grid\" data-id=\"7e7202f\" data-element_type=\"widget\" data-e-type=\"widget\" data-settings=\"{&quot;_skin&quot;:&quot;product_taxonomy&quot;,&quot;template_id&quot;:&quot;19666&quot;,&quot;row_gap&quot;:{&quot;unit&quot;:&quot;px&quot;,&quot;size&quot;:0,&quot;sizes&quot;:[]},&quot;columns_tablet&quot;:3,&quot;row_gap_mobile&quot;:{&quot;unit&quot;:&quot;px&quot;,&quot;size&quot;:0,&quot;sizes&quot;:[]},&quot;columns&quot;:3,&quot;columns_mobile&quot;:2,&quot;edit_handle_selector&quot;:&quot;[data-elementor-type=\\&quot;loop-item\\&quot;]&quot;,&quot;row_gap_tablet&quot;:{&quot;unit&quot;:&quot;px&quot;,&quot;size&quot;:&quot;&quot;,&quot;sizes&quot;:[]}}\" data-widget_type=\"loop-grid.product_taxonomy\">\n\t\t\t\t<div class=\"elementor-widget-container\">\n\t\t\t\t\t\t\t<div class=\"elementor-loop-container elementor-grid\" role=\"list\">\n\t\t<style id=\"loop-19666\">.elementor-19666 .elementor-element.elementor-element-54e65b9{--display:flex;--min-height:261px;--flex-direction:column;--container-widget-width:calc( ( 1 - var( --container-widget-flex-grow ) ) * 100% );--container-widget-height:initial;--container-widget-flex-grow:0;--container-widget-align-self:initial;--flex-wrap-mobile:wrap;--justify-content:flex-end;--align-items:center;--gap:0px 0px;--row-gap:0px;--column-gap:0px;}.elementor-19666 .elementor-element.elementor-element-f0b7857{width:var( --container-widget-width, 80% );max-width:80%;--container-widget-width:80%;--container-widget-flex-grow:0;}.elementor-19666 .elementor-element.elementor-element-26fdf14 .elementor-button{font-family:\"01Barlow Condensed\", Sans-serif;font-size:38px;font-weight:500;text-transform:uppercase;fill:#000000;color:#000000;background-color:#FFFFFF;border-style:solid;border-width:2px 0px 0px 0px;border-color:#DEDEDE;border-radius:0px 0px 0px 0px;padding:4px 6px 0px 6px;}.elementor-19666 .elementor-element.elementor-element-26fdf14 > .elementor-widget-container{padding:10px 0px 0px 0px;}@media(max-width:1024px){.elementor-19666 .elementor-element.elementor-element-26fdf14 .elementor-button{font-size:37px;}}@media(min-width:768px){.elementor-19666 .elementor-element.elementor-element-54e65b9{--content-width:100%;}}@media(max-width:767px){.elementor-19666 .elementor-element.elementor-element-54e65b9{--min-height:180px;}.elementor-19666 .elementor-element.elementor-element-26fdf14 .elementor-button{font-size:31px;}}<\/style>\t\t<div data-elementor-type=\"loop-item\" data-elementor-id=\"19666\" class=\"elementor elementor-19666 e-loop-item e-loop-item-97 \" data-elementor-post-type=\"elementor_library\" data-custom-edit-handle=\"1\">\n\t\t\t<div data-particle_enable=\"false\" data-particle-mobile-disabled=\"false\" class=\"elementor-element elementor-element-54e65b9 e-flex e-con-boxed e-con e-parent\" data-id=\"54e65b9\" data-element_type=\"container\" data-e-type=\"container\">\n\t\t\t\t\t<div class=\"e-con-inner\">\n\t\t\t\t<div class=\"elementor-element elementor-element-f0b7857 elementor-widget__width-initial elementor-widget elementor-widget-image\" data-id=\"f0b7857\" data-element_type=\"widget\" data-e-type=\"widget\" data-widget_type=\"image.default\">\n\t\t\t\t<div class=\"elementor-widget-container\">\n\t\t\t\t\t\t\t\t\t\t\t\t\t\t\t\t<a href=\"https:\/\/josegourmet.store\/en\/product-category\/outros\/bebidas\/\">\n\t\t\t\t\t\t\t<img fetchpriority=\"high\" decoding=\"async\" width=\"300\" height=\"178\" src=\"https:\/\/josegourmet.store\/wp-content\/uploads\/2025\/01\/Port-Wine-10-Years-300x178.png\" class=\"attachment-medium size-medium wp-image-1986\" alt=\"\" srcset=\"https:\/\/josegourmet.store\/wp-content\/uploads\/2025\/01\/Port-Wine-10-Years-300x178.png 300w, https:\/\/josegourmet.store\/wp-content\/uploads\/2025\/01\/Port-Wine-10-Years-64x38.png 64w, https:\/\/josegourmet.store\/wp-content\/uploads\/2025\/01\/Port-Wine-10-Years.png 466w\" sizes=\"(max-width: 300px) 100vw, 300px\" \/>\t\t\t\t\t\t\t\t<\/a>\n\t\t\t\t\t\t\t\t\t\t\t\t\t\t\t<\/div>\n\t\t\t\t<\/div>\n\t\t\t\t<div class=\"elementor-element elementor-element-26fdf14 elementor-align-center elementor-widget elementor-widget-button\" data-id=\"26fdf14\" data-element_type=\"widget\" data-e-type=\"widget\" data-widget_type=\"button.default\">\n\t\t\t\t<div class=\"elementor-widget-container\">\n\t\t\t\t\t\t\t\t\t<div class=\"elementor-button-wrapper\">\n\t\t\t\t\t<a class=\"elementor-button elementor-button-link elementor-size-sm elementor-animation-grow\" href=\"https:\/\/josegourmet.store\/en\/product-category\/outros\/bebidas\/\">\n\t\t\t\t\t\t<span class=\"elementor-button-content-wrapper\">\n\t\t\t\t\t\t\t\t\t<span class=\"elementor-button-text\">Bebidas<\/span>\n\t\t\t\t\t<\/span>\n\t\t\t\t\t<\/a>\n\t\t\t\t<\/div>\n\t\t\t\t\t\t\t\t<\/div>\n\t\t\t\t<\/div>\n\t\t\t\t\t<\/div>\n\t\t\t\t<\/div>\n\t\t\t\t<\/div>\n\t\t\t\t<div data-elementor-type=\"loop-item\" data-elementor-id=\"19666\" class=\"elementor elementor-19666 e-loop-item e-loop-item-93 \" data-elementor-post-type=\"elementor_library\" data-custom-edit-handle=\"1\">\n\t\t\t<div data-particle_enable=\"false\" data-particle-mobile-disabled=\"false\" class=\"elementor-element elementor-element-54e65b9 e-flex e-con-boxed e-con e-parent\" data-id=\"54e65b9\" data-element_type=\"container\" data-e-type=\"container\">\n\t\t\t\t\t<div class=\"e-con-inner\">\n\t\t\t\t<div class=\"elementor-element elementor-element-f0b7857 elementor-widget__width-initial elementor-widget elementor-widget-image\" data-id=\"f0b7857\" data-element_type=\"widget\" data-e-type=\"widget\" data-widget_type=\"image.default\">\n\t\t\t\t<div class=\"elementor-widget-container\">\n\t\t\t\t\t\t\t\t\t\t\t\t\t\t\t\t<a href=\"https:\/\/josegourmet.store\/en\/product-category\/outros\/ceramicas\/\">\n\t\t\t\t\t\t\t<img decoding=\"async\" width=\"300\" height=\"178\" src=\"https:\/\/josegourmet.store\/wp-content\/uploads\/2025\/01\/CERAMICA-PEIXE-300x178.png\" class=\"attachment-medium size-medium wp-image-2011\" alt=\"\" srcset=\"https:\/\/josegourmet.store\/wp-content\/uploads\/2025\/01\/CERAMICA-PEIXE-300x178.png 300w, https:\/\/josegourmet.store\/wp-content\/uploads\/2025\/01\/CERAMICA-PEIXE-e1743778397300-64x38.png 64w, https:\/\/josegourmet.store\/wp-content\/uploads\/2025\/01\/CERAMICA-PEIXE-e1743778397300.png 318w\" sizes=\"(max-width: 300px) 100vw, 300px\" \/>\t\t\t\t\t\t\t\t<\/a>\n\t\t\t\t\t\t\t\t\t\t\t\t\t\t\t<\/div>\n\t\t\t\t<\/div>\n\t\t\t\t<div class=\"elementor-element elementor-element-26fdf14 elementor-align-center elementor-widget elementor-widget-button\" data-id=\"26fdf14\" data-element_type=\"widget\" data-e-type=\"widget\" data-widget_type=\"button.default\">\n\t\t\t\t<div class=\"elementor-widget-container\">\n\t\t\t\t\t\t\t\t\t<div class=\"elementor-button-wrapper\">\n\t\t\t\t\t<a class=\"elementor-button elementor-button-link elementor-size-sm elementor-animation-grow\" href=\"https:\/\/josegourmet.store\/en\/product-category\/outros\/ceramicas\/\">\n\t\t\t\t\t\t<span class=\"elementor-button-content-wrapper\">\n\t\t\t\t\t\t\t\t\t<span class=\"elementor-button-text\">Cer\u00e2micas<\/span>\n\t\t\t\t\t<\/span>\n\t\t\t\t\t<\/a>\n\t\t\t\t<\/div>\n\t\t\t\t\t\t\t\t<\/div>\n\t\t\t\t<\/div>\n\t\t\t\t\t<\/div>\n\t\t\t\t<\/div>\n\t\t\t\t<\/div>\n\t\t\t\t<div data-elementor-type=\"loop-item\" data-elementor-id=\"19666\" class=\"elementor elementor-19666 e-loop-item e-loop-item-251 \" data-elementor-post-type=\"elementor_library\" data-custom-edit-handle=\"1\">\n\t\t\t<div data-particle_enable=\"false\" data-particle-mobile-disabled=\"false\" class=\"elementor-element elementor-element-54e65b9 e-flex e-con-boxed e-con e-parent\" data-id=\"54e65b9\" data-element_type=\"container\" data-e-type=\"container\">\n\t\t\t\t\t<div class=\"e-con-inner\">\n\t\t\t\t<div class=\"elementor-element elementor-element-f0b7857 elementor-widget__width-initial elementor-widget elementor-widget-image\" data-id=\"f0b7857\" data-element_type=\"widget\" data-e-type=\"widget\" data-widget_type=\"image.default\">\n\t\t\t\t<div class=\"elementor-widget-container\">\n\t\t\t\t\t\t\t\t\t\t\t\t\t\t\t\t<a href=\"https:\/\/josegourmet.store\/en\/product-category\/outros\/geleias\/\">\n\t\t\t\t\t\t\t<img decoding=\"async\" width=\"300\" height=\"178\" src=\"https:\/\/josegourmet.store\/wp-content\/uploads\/2025\/01\/cenoura-jam-a-300x178.png\" class=\"attachment-medium size-medium wp-image-1974\" alt=\"\" srcset=\"https:\/\/josegourmet.store\/wp-content\/uploads\/2025\/01\/cenoura-jam-a-300x178.png 300w, https:\/\/josegourmet.store\/wp-content\/uploads\/2025\/01\/cenoura-jam-a-64x38.png 64w, https:\/\/josegourmet.store\/wp-content\/uploads\/2025\/01\/cenoura-jam-a.png 466w\" sizes=\"(max-width: 300px) 100vw, 300px\" \/>\t\t\t\t\t\t\t\t<\/a>\n\t\t\t\t\t\t\t\t\t\t\t\t\t\t\t<\/div>\n\t\t\t\t<\/div>\n\t\t\t\t<div class=\"elementor-element elementor-element-26fdf14 elementor-align-center elementor-widget elementor-widget-button\" data-id=\"26fdf14\" data-element_type=\"widget\" data-e-type=\"widget\" data-widget_type=\"button.default\">\n\t\t\t\t<div class=\"elementor-widget-container\">\n\t\t\t\t\t\t\t\t\t<div class=\"elementor-button-wrapper\">\n\t\t\t\t\t<a class=\"elementor-button elementor-button-link elementor-size-sm elementor-animation-grow\" href=\"https:\/\/josegourmet.store\/en\/product-category\/outros\/geleias\/\">\n\t\t\t\t\t\t<span class=\"elementor-button-content-wrapper\">\n\t\t\t\t\t\t\t\t\t<span class=\"elementor-button-text\">Gel\u00e9ias<\/span>\n\t\t\t\t\t<\/span>\n\t\t\t\t\t<\/a>\n\t\t\t\t<\/div>\n\t\t\t\t\t\t\t\t<\/div>\n\t\t\t\t<\/div>\n\t\t\t\t\t<\/div>\n\t\t\t\t<\/div>\n\t\t\t\t<\/div>\n\t\t\t\t<div data-elementor-type=\"loop-item\" data-elementor-id=\"19666\" class=\"elementor elementor-19666 e-loop-item e-loop-item-252 \" data-elementor-post-type=\"elementor_library\" data-custom-edit-handle=\"1\">\n\t\t\t<div data-particle_enable=\"false\" data-particle-mobile-disabled=\"false\" class=\"elementor-element elementor-element-54e65b9 e-flex e-con-boxed e-con e-parent\" data-id=\"54e65b9\" data-element_type=\"container\" data-e-type=\"container\">\n\t\t\t\t\t<div class=\"e-con-inner\">\n\t\t\t\t<div class=\"elementor-element elementor-element-f0b7857 elementor-widget__width-initial elementor-widget elementor-widget-image\" data-id=\"f0b7857\" data-element_type=\"widget\" data-e-type=\"widget\" data-widget_type=\"image.default\">\n\t\t\t\t<div class=\"elementor-widget-container\">\n\t\t\t\t\t\t\t\t\t\t\t\t\t\t\t\t<a href=\"https:\/\/josegourmet.store\/en\/product-category\/outros\/mel\/\">\n\t\t\t\t\t\t\t<img loading=\"lazy\" decoding=\"async\" width=\"300\" height=\"178\" src=\"https:\/\/josegourmet.store\/wp-content\/uploads\/2025\/01\/mel-a-300x178.png\" class=\"attachment-medium size-medium wp-image-1971\" alt=\"\" srcset=\"https:\/\/josegourmet.store\/wp-content\/uploads\/2025\/01\/mel-a-300x178.png 300w, https:\/\/josegourmet.store\/wp-content\/uploads\/2025\/01\/mel-a-64x38.png 64w, https:\/\/josegourmet.store\/wp-content\/uploads\/2025\/01\/mel-a.png 466w\" sizes=\"(max-width: 300px) 100vw, 300px\" \/>\t\t\t\t\t\t\t\t<\/a>\n\t\t\t\t\t\t\t\t\t\t\t\t\t\t\t<\/div>\n\t\t\t\t<\/div>\n\t\t\t\t<div class=\"elementor-element elementor-element-26fdf14 elementor-align-center elementor-widget elementor-widget-button\" data-id=\"26fdf14\" data-element_type=\"widget\" data-e-type=\"widget\" data-widget_type=\"button.default\">\n\t\t\t\t<div class=\"elementor-widget-container\">\n\t\t\t\t\t\t\t\t\t<div class=\"elementor-button-wrapper\">\n\t\t\t\t\t<a class=\"elementor-button elementor-button-link elementor-size-sm elementor-animation-grow\" href=\"https:\/\/josegourmet.store\/en\/product-category\/outros\/mel\/\">\n\t\t\t\t\t\t<span class=\"elementor-button-content-wrapper\">\n\t\t\t\t\t\t\t\t\t<span class=\"elementor-button-text\">Mel<\/span>\n\t\t\t\t\t<\/span>\n\t\t\t\t\t<\/a>\n\t\t\t\t<\/div>\n\t\t\t\t\t\t\t\t<\/div>\n\t\t\t\t<\/div>\n\t\t\t\t\t<\/div>\n\t\t\t\t<\/div>\n\t\t\t\t<\/div>\n\t\t\t\t<div data-elementor-type=\"loop-item\" data-elementor-id=\"19666\" class=\"elementor elementor-19666 e-loop-item e-loop-item-289 \" data-elementor-post-type=\"elementor_library\" data-custom-edit-handle=\"1\">\n\t\t\t<div data-particle_enable=\"false\" data-particle-mobile-disabled=\"false\" class=\"elementor-element elementor-element-54e65b9 e-flex e-con-boxed e-con e-parent\" data-id=\"54e65b9\" data-element_type=\"container\" data-e-type=\"container\">\n\t\t\t\t\t<div class=\"e-con-inner\">\n\t\t\t\t<div class=\"elementor-element elementor-element-f0b7857 elementor-widget__width-initial elementor-widget elementor-widget-image\" data-id=\"f0b7857\" data-element_type=\"widget\" data-e-type=\"widget\" data-widget_type=\"image.default\">\n\t\t\t\t<div class=\"elementor-widget-container\">\n\t\t\t\t\t\t\t\t\t\t\t\t\t\t\t\t<a href=\"https:\/\/josegourmet.store\/en\/product-category\/outros\/packs\/\">\n\t\t\t\t\t\t\t<img loading=\"lazy\" decoding=\"async\" width=\"300\" height=\"259\" src=\"https:\/\/josegourmet.store\/wp-content\/uploads\/2025\/12\/JG1.0.4-CONSERVAS_CANNED-FISH-scaled-e1765555282697-300x259.jpg\" class=\"attachment-medium size-medium wp-image-19509\" alt=\"\" srcset=\"https:\/\/josegourmet.store\/wp-content\/uploads\/2025\/12\/JG1.0.4-CONSERVAS_CANNED-FISH-scaled-e1765555282697-300x259.jpg 300w, https:\/\/josegourmet.store\/wp-content\/uploads\/2025\/12\/JG1.0.4-CONSERVAS_CANNED-FISH-scaled-e1765555282697-517x446.jpg 517w, https:\/\/josegourmet.store\/wp-content\/uploads\/2025\/12\/JG1.0.4-CONSERVAS_CANNED-FISH-scaled-e1765555282697-600x518.jpg 600w, https:\/\/josegourmet.store\/wp-content\/uploads\/2025\/12\/JG1.0.4-CONSERVAS_CANNED-FISH-scaled-e1765555282697-64x55.jpg 64w, https:\/\/josegourmet.store\/wp-content\/uploads\/2025\/12\/JG1.0.4-CONSERVAS_CANNED-FISH-scaled-e1765555282697-1024x884.jpg 1024w, https:\/\/josegourmet.store\/wp-content\/uploads\/2025\/12\/JG1.0.4-CONSERVAS_CANNED-FISH-scaled-e1765555282697-768x663.jpg 768w, https:\/\/josegourmet.store\/wp-content\/uploads\/2025\/12\/JG1.0.4-CONSERVAS_CANNED-FISH-scaled-e1765555282697-1536x1326.jpg 1536w, https:\/\/josegourmet.store\/wp-content\/uploads\/2025\/12\/JG1.0.4-CONSERVAS_CANNED-FISH-scaled-e1765555282697-2048x1769.jpg 2048w, https:\/\/josegourmet.store\/wp-content\/uploads\/2025\/12\/JG1.0.4-CONSERVAS_CANNED-FISH-scaled-e1765555282697-14x12.jpg 14w\" sizes=\"(max-width: 300px) 100vw, 300px\" \/>\t\t\t\t\t\t\t\t<\/a>\n\t\t\t\t\t\t\t\t\t\t\t\t\t\t\t<\/div>\n\t\t\t\t<\/div>\n\t\t\t\t<div class=\"elementor-element elementor-element-26fdf14 elementor-align-center elementor-widget elementor-widget-button\" data-id=\"26fdf14\" data-element_type=\"widget\" data-e-type=\"widget\" data-widget_type=\"button.default\">\n\t\t\t\t<div class=\"elementor-widget-container\">\n\t\t\t\t\t\t\t\t\t<div class=\"elementor-button-wrapper\">\n\t\t\t\t\t<a class=\"elementor-button elementor-button-link elementor-size-sm elementor-animation-grow\" href=\"https:\/\/josegourmet.store\/en\/product-category\/outros\/packs\/\">\n\t\t\t\t\t\t<span class=\"elementor-button-content-wrapper\">\n\t\t\t\t\t\t\t\t\t<span class=\"elementor-button-text\">Packs<\/span>\n\t\t\t\t\t<\/span>\n\t\t\t\t\t<\/a>\n\t\t\t\t<\/div>\n\t\t\t\t\t\t\t\t<\/div>\n\t\t\t\t<\/div>\n\t\t\t\t\t<\/div>\n\t\t\t\t<\/div>\n\t\t\t\t<\/div>\n\t\t\t\t<div data-elementor-type=\"loop-item\" data-elementor-id=\"19666\" class=\"elementor elementor-19666 e-loop-item e-loop-item-95 \" data-elementor-post-type=\"elementor_library\" data-custom-edit-handle=\"1\">\n\t\t\t<div data-particle_enable=\"false\" data-particle-mobile-disabled=\"false\" class=\"elementor-element elementor-element-54e65b9 e-flex e-con-boxed e-con e-parent\" data-id=\"54e65b9\" data-element_type=\"container\" data-e-type=\"container\">\n\t\t\t\t\t<div class=\"e-con-inner\">\n\t\t\t\t<div class=\"elementor-element elementor-element-f0b7857 elementor-widget__width-initial elementor-widget elementor-widget-image\" data-id=\"f0b7857\" data-element_type=\"widget\" data-e-type=\"widget\" data-widget_type=\"image.default\">\n\t\t\t\t<div class=\"elementor-widget-container\">\n\t\t\t\t\t\t\t\t\t\t\t\t\t\t\t\t<a href=\"https:\/\/josegourmet.store\/en\/product-category\/outros\/vinagre\/\">\n\t\t\t\t\t\t\t<img loading=\"lazy\" decoding=\"async\" width=\"300\" height=\"178\" src=\"https:\/\/josegourmet.store\/wp-content\/uploads\/2025\/01\/VINAGRE-BRANCO-300x178.png\" class=\"attachment-medium size-medium wp-image-1994\" alt=\"\" srcset=\"https:\/\/josegourmet.store\/wp-content\/uploads\/2025\/01\/VINAGRE-BRANCO-300x178.png 300w, https:\/\/josegourmet.store\/wp-content\/uploads\/2025\/01\/VINAGRE-BRANCO-64x38.png 64w, https:\/\/josegourmet.store\/wp-content\/uploads\/2025\/01\/VINAGRE-BRANCO.png 466w\" sizes=\"(max-width: 300px) 100vw, 300px\" \/>\t\t\t\t\t\t\t\t<\/a>\n\t\t\t\t\t\t\t\t\t\t\t\t\t\t\t<\/div>\n\t\t\t\t<\/div>\n\t\t\t\t<div class=\"elementor-element elementor-element-26fdf14 elementor-align-center elementor-widget elementor-widget-button\" data-id=\"26fdf14\" data-element_type=\"widget\" data-e-type=\"widget\" data-widget_type=\"button.default\">\n\t\t\t\t<div class=\"elementor-widget-container\">\n\t\t\t\t\t\t\t\t\t<div class=\"elementor-button-wrapper\">\n\t\t\t\t\t<a class=\"elementor-button elementor-button-link elementor-size-sm elementor-animation-grow\" href=\"https:\/\/josegourmet.store\/en\/product-category\/outros\/vinagre\/\">\n\t\t\t\t\t\t<span class=\"elementor-button-content-wrapper\">\n\t\t\t\t\t\t\t\t\t<span class=\"elementor-button-text\">Vinagre<\/span>\n\t\t\t\t\t<\/span>\n\t\t\t\t\t<\/a>\n\t\t\t\t<\/div>\n\t\t\t\t\t\t\t\t<\/div>\n\t\t\t\t<\/div>\n\t\t\t\t\t<\/div>\n\t\t\t\t<\/div>\n\t\t\t\t<\/div>\n\t\t\t\t<\/div>\n\t\t\t\t\t\t<\/div>\n\t\t\t\t<\/div>\n\t\t\t\t\t<\/div>\n\t\t\t\t<\/div>\n\t\t\t\t<\/div>\n\t\t","protected":false},"excerpt":{"rendered":"<p>outros produtos A nossa empresa oferece uma variedade de produtos de alta qualidade para satisfazer diferentes gostos e necessidades. Al\u00e9m [&hellip;]<\/p>\n","protected":false},"author":1111,"featured_media":0,"parent":0,"menu_order":0,"comment_status":"closed","ping_status":"closed","template":"","meta":{"_acf_changed":false,"site-sidebar-layout":"no-sidebar","site-content-layout":"","ast-site-content-layout":"full-width-container","site-content-style":"default","site-sidebar-style":"default","ast-global-header-display":"disabled","ast-banner-title-visibility":"disabled","ast-main-header-display":"disabled","ast-hfb-above-header-display":"","ast-hfb-below-header-display":"","ast-hfb-mobile-header-display":"disabled","site-post-title":"","ast-breadcrumbs-content":"","ast-featured-img":"disabled","footer-sml-layout":"disabled","ast-disable-related-posts":"","theme-transparent-header-meta":"","adv-header-id-meta":"","stick-header-meta":"","header-above-stick-meta":"","header-main-stick-meta":"","header-below-stick-meta":"","astra-migrate-meta-layouts":"default","ast-page-background-enabled":"default","ast-page-background-meta":{"desktop":{"background-color":"var(--ast-global-color-5)","background-image":"","background-repeat":"repeat","background-position":"center center","background-size":"auto","background-attachment":"scroll","background-type":"","background-media":"","overlay-type":"","overlay-color":"","overlay-opacity":"","overlay-gradient":""},"tablet":{"background-color":"","background-image":"","background-repeat":"repeat","background-position":"center center","background-size":"auto","background-attachment":"scroll","background-type":"","background-media":"","overlay-type":"","overlay-color":"","overlay-opacity":"","overlay-gradient":""},"mobile":{"background-color":"","background-image":"","background-repeat":"repeat","background-position":"center center","background-size":"auto","background-attachment":"scroll","background-type":"","background-media":"","overlay-type":"","overlay-color":"","overlay-opacity":"","overlay-gradient":""}},"ast-content-background-meta":{"desktop":{"background-color":"var(--ast-global-color-4)","background-image":"","background-repeat":"repeat","background-position":"center center","background-size":"auto","background-attachment":"scroll","background-type":"","background-media":"","overlay-type":"","overlay-color":"","overlay-opacity":"","overlay-gradient":""},"tablet":{"background-color":"var(--ast-global-color-4)","background-image":"","background-repeat":"repeat","background-position":"center center","background-size":"auto","background-attachment":"scroll","background-type":"","background-media":"","overlay-type":"","overlay-color":"","overlay-opacity":"","overlay-gradient":""},"mobile":{"background-color":"var(--ast-global-color-4)","background-image":"","background-repeat":"repeat","background-position":"center center","background-size":"auto","background-attachment":"scroll","background-type":"","background-media":"","overlay-type":"","overlay-color":"","overlay-opacity":"","overlay-gradient":""}},"_joinchat":[],"footnotes":""},"class_list":["post-20437","page","type-page","status-publish","hentry"],"acf":[],"_links":{"self":[{"href":"https:\/\/josegourmet.store\/en\/wp-json\/wp\/v2\/pages\/20437","targetHints":{"allow":["GET"]}}],"collection":[{"href":"https:\/\/josegourmet.store\/en\/wp-json\/wp\/v2\/pages"}],"about":[{"href":"https:\/\/josegourmet.store\/en\/wp-json\/wp\/v2\/types\/page"}],"author":[{"embeddable":true,"href":"https:\/\/josegourmet.store\/en\/wp-json\/wp\/v2\/users\/1111"}],"replies":[{"embeddable":true,"href":"https:\/\/josegourmet.store\/en\/wp-json\/wp\/v2\/comments?post=20437"}],"version-history":[{"count":28,"href":"https:\/\/josegourmet.store\/en\/wp-json\/wp\/v2\/pages\/20437\/revisions"}],"predecessor-version":[{"id":20710,"href":"https:\/\/josegourmet.store\/en\/wp-json\/wp\/v2\/pages\/20437\/revisions\/20710"}],"wp:attachment":[{"href":"https:\/\/josegourmet.store\/en\/wp-json\/wp\/v2\/media?parent=20437"}],"curies":[{"name":"wp","href":"https:\/\/api.w.org\/{rel}","templated":true}]}}