
{"id":20435,"date":"2026-02-20T15:00:19","date_gmt":"2026-02-20T15:00:19","guid":{"rendered":"https:\/\/josegourmet.store\/?page_id=20435"},"modified":"2026-02-23T09:39:10","modified_gmt":"2026-02-23T09:39:10","slug":"conservas","status":"publish","type":"page","link":"https:\/\/josegourmet.store\/en\/conservas\/","title":{"rendered":"Conservas"},"content":{"rendered":"<div data-elementor-type=\"wp-page\" data-elementor-id=\"20435\" class=\"elementor elementor-20435\" data-elementor-post-type=\"page\">\n\t\t\t\t<div data-particle_enable=\"false\" data-particle-mobile-disabled=\"false\" class=\"elementor-element elementor-element-f91697b e-flex e-con-boxed e-con e-parent\" data-id=\"f91697b\" data-element_type=\"container\" data-e-type=\"container\">\n\t\t\t\t\t<div class=\"e-con-inner\">\n\t\t\t\t<div class=\"elementor-element elementor-element-1caf2bd elementor-widget__width-initial elementor-widget elementor-widget-heading\" data-id=\"1caf2bd\" data-element_type=\"widget\" data-e-type=\"widget\" data-widget_type=\"heading.default\">\n\t\t\t\t<div class=\"elementor-widget-container\">\n\t\t\t\t\t<h2 class=\"elementor-heading-title elementor-size-default\">NOSSAS CONSERVAS<\/h2>\t\t\t\t<\/div>\n\t\t\t\t<\/div>\n\t\t\t\t<div class=\"elementor-element elementor-element-80299c0 elementor-widget-tablet__width-initial elementor-widget elementor-widget-text-editor\" data-id=\"80299c0\" data-element_type=\"widget\" data-e-type=\"widget\" data-widget_type=\"text-editor.default\">\n\t\t\t\t<div class=\"elementor-widget-container\">\n\t\t\t\t\t\t\t\t\t<p>Os enlatados s\u00e3o uma op\u00e7\u00e3o pr\u00e1tica e vers\u00e1til para quem procura conveni\u00eancia sem abdicar da qualidade. A nossa linha de produtos enlatados \u00e9 cuidadosamente elaborada com ingredientes selecionados, garantindo um sabor e frescura duradouros. Com embalagens seguras e resistentes, os nossos produtos preservam as suas propriedades nutricionais durante mais tempo, sendo ideais para diversas receitas e ocasi\u00f5es. Seja para refei\u00e7\u00f5es do dia a dia ou momentos especiais, os nossos enlatados oferecem uma solu\u00e7\u00e3o saborosa e fi\u00e1vel para a sua alimenta\u00e7\u00e3o.<\/p>\t\t\t\t\t\t\t\t<\/div>\n\t\t\t\t<\/div>\n\t\t\t\t\t<\/div>\n\t\t\t\t<\/div>\n\t\t<div data-particle_enable=\"false\" data-particle-mobile-disabled=\"false\" class=\"elementor-element elementor-element-c48ca84 e-grid e-con-boxed e-con e-parent\" data-id=\"c48ca84\" data-element_type=\"container\" data-e-type=\"container\">\n\t\t\t\t\t<div class=\"e-con-inner\">\n\t\t<div data-particle_enable=\"false\" data-particle-mobile-disabled=\"false\" class=\"elementor-element elementor-element-c56ebdc e-con-full e-flex e-con e-child\" data-id=\"c56ebdc\" data-element_type=\"container\" data-e-type=\"container\">\n\t\t\t\t<div class=\"elementor-element elementor-element-dfc3450 elementor-widget__width-initial elementor-invisible elementor-widget elementor-widget-image\" data-id=\"dfc3450\" data-element_type=\"widget\" data-e-type=\"widget\" data-settings=\"{&quot;_animation&quot;:&quot;fadeIn&quot;}\" data-widget_type=\"image.default\">\n\t\t\t\t<div class=\"elementor-widget-container\">\n\t\t\t\t\t\t\t\t\t\t\t\t\t\t\t\t<a href=\"https:\/\/josegourmet.store\/en\/marcas\/\">\n\t\t\t\t\t\t\t<img decoding=\"async\" width=\"300\" height=\"100\" src=\"https:\/\/josegourmet.store\/wp-content\/uploads\/2025\/02\/cropped-cropped-cropped-logo-jose-favicon.png\" class=\"attachment-medium size-medium wp-image-10406\" alt=\"\" srcset=\"https:\/\/josegourmet.store\/wp-content\/uploads\/2025\/02\/cropped-cropped-cropped-logo-jose-favicon-300x100.png 300w, https:\/\/josegourmet.store\/wp-content\/uploads\/2025\/02\/cropped-cropped-cropped-logo-jose-favicon-64x21.png 64w, https:\/\/josegourmet.store\/wp-content\/uploads\/2025\/02\/cropped-cropped-cropped-logo-jose-favicon-18x6.png 18w, https:\/\/josegourmet.store\/wp-content\/uploads\/2025\/02\/cropped-cropped-cropped-logo-jose-favicon.png 512w\" sizes=\"(max-width: 300px) 100vw, 300px\" \/>\t\t\t\t\t\t\t\t<\/a>\n\t\t\t\t\t\t\t\t\t\t\t\t\t\t\t<\/div>\n\t\t\t\t<\/div>\n\t\t\t\t<div class=\"elementor-element elementor-element-624181a elementor-align-center elementor-widget elementor-widget-button\" data-id=\"624181a\" data-element_type=\"widget\" data-e-type=\"widget\" data-widget_type=\"button.default\">\n\t\t\t\t<div class=\"elementor-widget-container\">\n\t\t\t\t\t\t\t\t\t<div class=\"elementor-button-wrapper\">\n\t\t\t\t\t<a class=\"elementor-button elementor-button-link elementor-size-sm elementor-animation-grow\" href=\"https:\/\/josegourmet.store\/en\/marcas\/\">\n\t\t\t\t\t\t<span class=\"elementor-button-content-wrapper\">\n\t\t\t\t\t\t\t\t\t<span class=\"elementor-button-text\">Marcas<\/span>\n\t\t\t\t\t<\/span>\n\t\t\t\t\t<\/a>\n\t\t\t\t<\/div>\n\t\t\t\t\t\t\t\t<\/div>\n\t\t\t\t<\/div>\n\t\t\t\t<\/div>\n\t\t<div data-particle_enable=\"false\" data-particle-mobile-disabled=\"false\" class=\"elementor-element elementor-element-865bb3b e-con-full e-flex e-con e-child\" data-id=\"865bb3b\" data-element_type=\"container\" data-e-type=\"container\">\n\t\t\t\t<div class=\"elementor-element elementor-element-4a8eae5 elementor-widget__width-initial elementor-invisible elementor-widget elementor-widget-image\" data-id=\"4a8eae5\" data-element_type=\"widget\" data-e-type=\"widget\" data-settings=\"{&quot;_animation&quot;:&quot;fadeIn&quot;}\" data-widget_type=\"image.default\">\n\t\t\t\t<div class=\"elementor-widget-container\">\n\t\t\t\t\t\t\t\t\t\t\t\t\t\t\t\t<a href=\"https:\/\/josegourmet.store\/en\/molhos\/\">\n\t\t\t\t\t\t\t<img fetchpriority=\"high\" decoding=\"async\" width=\"300\" height=\"178\" src=\"https:\/\/josegourmet.store\/wp-content\/uploads\/2025\/01\/Sardines-in-Tomato-A-1-300x178.png\" class=\"attachment-medium size-medium wp-image-1914\" alt=\"\" srcset=\"https:\/\/josegourmet.store\/wp-content\/uploads\/2025\/01\/Sardines-in-Tomato-A-1-300x178.png 300w, https:\/\/josegourmet.store\/wp-content\/uploads\/2025\/01\/Sardines-in-Tomato-A-1-64x38.png 64w, https:\/\/josegourmet.store\/wp-content\/uploads\/2025\/01\/Sardines-in-Tomato-A-1.png 466w\" sizes=\"(max-width: 300px) 100vw, 300px\" \/>\t\t\t\t\t\t\t\t<\/a>\n\t\t\t\t\t\t\t\t\t\t\t\t\t\t\t<\/div>\n\t\t\t\t<\/div>\n\t\t\t\t<div class=\"elementor-element elementor-element-e357ba3 elementor-align-center elementor-widget elementor-widget-button\" data-id=\"e357ba3\" data-element_type=\"widget\" data-e-type=\"widget\" data-widget_type=\"button.default\">\n\t\t\t\t<div class=\"elementor-widget-container\">\n\t\t\t\t\t\t\t\t\t<div class=\"elementor-button-wrapper\">\n\t\t\t\t\t<a class=\"elementor-button elementor-button-link elementor-size-sm elementor-animation-grow\" href=\"https:\/\/josegourmet.store\/en\/molhos\/\">\n\t\t\t\t\t\t<span class=\"elementor-button-content-wrapper\">\n\t\t\t\t\t\t\t\t\t<span class=\"elementor-button-text\">Molhos<\/span>\n\t\t\t\t\t<\/span>\n\t\t\t\t\t<\/a>\n\t\t\t\t<\/div>\n\t\t\t\t\t\t\t\t<\/div>\n\t\t\t\t<\/div>\n\t\t\t\t<\/div>\n\t\t<div data-particle_enable=\"false\" data-particle-mobile-disabled=\"false\" class=\"elementor-element elementor-element-f2dd659 e-con-full e-flex e-con e-child\" data-id=\"f2dd659\" data-element_type=\"container\" data-e-type=\"container\">\n\t\t\t\t<div class=\"elementor-element elementor-element-4ef82c4 elementor-widget__width-initial elementor-invisible elementor-widget elementor-widget-image\" data-id=\"4ef82c4\" data-element_type=\"widget\" data-e-type=\"widget\" data-settings=\"{&quot;_animation&quot;:&quot;fadeIn&quot;}\" data-widget_type=\"image.default\">\n\t\t\t\t<div class=\"elementor-widget-container\">\n\t\t\t\t\t\t\t\t\t\t\t\t\t\t\t\t<a href=\"https:\/\/josegourmet.store\/en\/peixes\/\">\n\t\t\t\t\t\t\t<img decoding=\"async\" width=\"300\" height=\"178\" src=\"https:\/\/josegourmet.store\/wp-content\/uploads\/2025\/01\/Sardines-in-TomatoB-2-300x178.png\" class=\"attachment-medium size-medium wp-image-1915\" alt=\"\" srcset=\"https:\/\/josegourmet.store\/wp-content\/uploads\/2025\/01\/Sardines-in-TomatoB-2-300x178.png 300w, https:\/\/josegourmet.store\/wp-content\/uploads\/2025\/01\/Sardines-in-TomatoB-2-64x38.png 64w, https:\/\/josegourmet.store\/wp-content\/uploads\/2025\/01\/Sardines-in-TomatoB-2.png 466w\" sizes=\"(max-width: 300px) 100vw, 300px\" \/>\t\t\t\t\t\t\t\t<\/a>\n\t\t\t\t\t\t\t\t\t\t\t\t\t\t\t<\/div>\n\t\t\t\t<\/div>\n\t\t\t\t<div class=\"elementor-element elementor-element-9fc1be4 elementor-align-center elementor-widget elementor-widget-button\" data-id=\"9fc1be4\" data-element_type=\"widget\" data-e-type=\"widget\" data-widget_type=\"button.default\">\n\t\t\t\t<div class=\"elementor-widget-container\">\n\t\t\t\t\t\t\t\t\t<div class=\"elementor-button-wrapper\">\n\t\t\t\t\t<a class=\"elementor-button elementor-button-link elementor-size-sm elementor-animation-grow\" href=\"https:\/\/josegourmet.store\/en\/peixes\/\">\n\t\t\t\t\t\t<span class=\"elementor-button-content-wrapper\">\n\t\t\t\t\t\t\t\t\t<span class=\"elementor-button-text\">peixes<\/span>\n\t\t\t\t\t<\/span>\n\t\t\t\t\t<\/a>\n\t\t\t\t<\/div>\n\t\t\t\t\t\t\t\t<\/div>\n\t\t\t\t<\/div>\n\t\t\t\t<\/div>\n\t\t\t\t\t<\/div>\n\t\t\t\t<\/div>\n\t\t\t\t<\/div>","protected":false},"excerpt":{"rendered":"<p>NOSSAS CONSERVAS Os enlatados s\u00e3o uma op\u00e7\u00e3o pr\u00e1tica e vers\u00e1til para quem procura conveni\u00eancia sem abdicar da qualidade. A nossa [&hellip;]<\/p>\n","protected":false},"author":1111,"featured_media":0,"parent":0,"menu_order":0,"comment_status":"closed","ping_status":"closed","template":"","meta":{"_acf_changed":false,"site-sidebar-layout":"no-sidebar","site-content-layout":"","ast-site-content-layout":"full-width-container","site-content-style":"default","site-sidebar-style":"default","ast-global-header-display":"disabled","ast-banner-title-visibility":"disabled","ast-main-header-display":"disabled","ast-hfb-above-header-display":"","ast-hfb-below-header-display":"","ast-hfb-mobile-header-display":"disabled","site-post-title":"","ast-breadcrumbs-content":"","ast-featured-img":"disabled","footer-sml-layout":"disabled","ast-disable-related-posts":"","theme-transparent-header-meta":"","adv-header-id-meta":"","stick-header-meta":"","header-above-stick-meta":"","header-main-stick-meta":"","header-below-stick-meta":"","astra-migrate-meta-layouts":"default","ast-page-background-enabled":"default","ast-page-background-meta":{"desktop":{"background-color":"var(--ast-global-color-5)","background-image":"","background-repeat":"repeat","background-position":"center center","background-size":"auto","background-attachment":"scroll","background-type":"","background-media":"","overlay-type":"","overlay-color":"","overlay-opacity":"","overlay-gradient":""},"tablet":{"background-color":"","background-image":"","background-repeat":"repeat","background-position":"center center","background-size":"auto","background-attachment":"scroll","background-type":"","background-media":"","overlay-type":"","overlay-color":"","overlay-opacity":"","overlay-gradient":""},"mobile":{"background-color":"","background-image":"","background-repeat":"repeat","background-position":"center center","background-size":"auto","background-attachment":"scroll","background-type":"","background-media":"","overlay-type":"","overlay-color":"","overlay-opacity":"","overlay-gradient":""}},"ast-content-background-meta":{"desktop":{"background-color":"var(--ast-global-color-4)","background-image":"","background-repeat":"repeat","background-position":"center center","background-size":"auto","background-attachment":"scroll","background-type":"","background-media":"","overlay-type":"","overlay-color":"","overlay-opacity":"","overlay-gradient":""},"tablet":{"background-color":"var(--ast-global-color-4)","background-image":"","background-repeat":"repeat","background-position":"center center","background-size":"auto","background-attachment":"scroll","background-type":"","background-media":"","overlay-type":"","overlay-color":"","overlay-opacity":"","overlay-gradient":""},"mobile":{"background-color":"var(--ast-global-color-4)","background-image":"","background-repeat":"repeat","background-position":"center center","background-size":"auto","background-attachment":"scroll","background-type":"","background-media":"","overlay-type":"","overlay-color":"","overlay-opacity":"","overlay-gradient":""}},"_joinchat":[],"footnotes":""},"class_list":["post-20435","page","type-page","status-publish","hentry"],"acf":[],"_links":{"self":[{"href":"https:\/\/josegourmet.store\/en\/wp-json\/wp\/v2\/pages\/20435","targetHints":{"allow":["GET"]}}],"collection":[{"href":"https:\/\/josegourmet.store\/en\/wp-json\/wp\/v2\/pages"}],"about":[{"href":"https:\/\/josegourmet.store\/en\/wp-json\/wp\/v2\/types\/page"}],"author":[{"embeddable":true,"href":"https:\/\/josegourmet.store\/en\/wp-json\/wp\/v2\/users\/1111"}],"replies":[{"embeddable":true,"href":"https:\/\/josegourmet.store\/en\/wp-json\/wp\/v2\/comments?post=20435"}],"version-history":[{"count":37,"href":"https:\/\/josegourmet.store\/en\/wp-json\/wp\/v2\/pages\/20435\/revisions"}],"predecessor-version":[{"id":20587,"href":"https:\/\/josegourmet.store\/en\/wp-json\/wp\/v2\/pages\/20435\/revisions\/20587"}],"wp:attachment":[{"href":"https:\/\/josegourmet.store\/en\/wp-json\/wp\/v2\/media?parent=20435"}],"curies":[{"name":"wp","href":"https:\/\/api.w.org\/{rel}","templated":true}]}}