
{"id":20433,"date":"2026-02-20T15:48:44","date_gmt":"2026-02-20T15:48:44","guid":{"rendered":"https:\/\/josegourmet.store\/?page_id=20433"},"modified":"2026-03-02T13:30:10","modified_gmt":"2026-03-02T13:30:10","slug":"marcas","status":"publish","type":"page","link":"https:\/\/josegourmet.store\/en\/marcas\/","title":{"rendered":"Marcas"},"content":{"rendered":"\t\t<div data-elementor-type=\"wp-page\" data-elementor-id=\"20433\" class=\"elementor elementor-20433\" data-elementor-post-type=\"page\">\n\t\t\t\t<div data-particle_enable=\"false\" data-particle-mobile-disabled=\"false\" class=\"elementor-element elementor-element-f91697b e-flex e-con-boxed e-con e-parent\" data-id=\"f91697b\" data-element_type=\"container\" data-e-type=\"container\">\n\t\t\t\t\t<div class=\"e-con-inner\">\n\t\t\t\t<div class=\"elementor-element elementor-element-1caf2bd elementor-widget__width-initial elementor-widget elementor-widget-heading\" data-id=\"1caf2bd\" data-element_type=\"widget\" data-e-type=\"widget\" data-widget_type=\"heading.default\">\n\t\t\t\t<div class=\"elementor-widget-container\">\n\t\t\t\t\t<h2 class=\"elementor-heading-title elementor-size-default\">NOSSAS MARCAS<\/h2>\t\t\t\t<\/div>\n\t\t\t\t<\/div>\n\t\t\t\t<div class=\"elementor-element elementor-element-6f694f8 elementor-widget-tablet__width-initial elementor-widget elementor-widget-text-editor\" data-id=\"6f694f8\" data-element_type=\"widget\" data-e-type=\"widget\" data-widget_type=\"text-editor.default\">\n\t\t\t\t<div class=\"elementor-widget-container\">\n\t\t\t\t\t\t\t\t\t<p>100 Mist\u00e9rios \u00e9 um universo de sabores, hist\u00f3rias e identidades que se unem num s\u00f3. Quatro marcas distintas, cada uma com a sua personalidade e ess\u00eancia, formam este projeto e celebram o melhor da tradi\u00e7\u00e3o e inova\u00e7\u00e3o portuguesas. Desde a excel\u00eancia dos produtos gourmet \u00e0 criatividade no design e na apresenta\u00e7\u00e3o, cada marca reflete uma perspetiva \u00fanica sobre a autenticidade e o artesanato. Em conjunto, revelam a riqueza de um patrim\u00f3nio que inspira confian\u00e7a, curiosidade e prazer em cada detalhe.<\/p>\t\t\t\t\t\t\t\t<\/div>\n\t\t\t\t<\/div>\n\t\t\t\t\t<\/div>\n\t\t\t\t<\/div>\n\t\t<div data-particle_enable=\"false\" data-particle-mobile-disabled=\"false\" class=\"elementor-element elementor-element-70417fa e-flex e-con-boxed e-con e-parent\" data-id=\"70417fa\" data-element_type=\"container\" data-e-type=\"container\">\n\t\t\t\t\t<div class=\"e-con-inner\">\n\t\t\t\t<div class=\"woocommerce elementor-element elementor-element-7e7202f elementor-grid-tablet-4 elementor-grid-4 elementor-grid-mobile-2 elementor-widget-tablet__width-initial elementor-widget__width-initial elementor-widget elementor-widget-loop-grid\" data-id=\"7e7202f\" data-element_type=\"widget\" data-e-type=\"widget\" data-settings=\"{&quot;_skin&quot;:&quot;product_taxonomy&quot;,&quot;template_id&quot;:&quot;19666&quot;,&quot;row_gap&quot;:{&quot;unit&quot;:&quot;px&quot;,&quot;size&quot;:0,&quot;sizes&quot;:[]},&quot;columns_tablet&quot;:4,&quot;row_gap_mobile&quot;:{&quot;unit&quot;:&quot;px&quot;,&quot;size&quot;:0,&quot;sizes&quot;:[]},&quot;columns&quot;:4,&quot;columns_mobile&quot;:2,&quot;row_gap_tablet&quot;:{&quot;unit&quot;:&quot;px&quot;,&quot;size&quot;:0,&quot;sizes&quot;:[]},&quot;edit_handle_selector&quot;:&quot;[data-elementor-type=\\&quot;loop-item\\&quot;]&quot;}\" data-widget_type=\"loop-grid.product_taxonomy\">\n\t\t\t\t<div class=\"elementor-widget-container\">\n\t\t\t\t\t\t\t<div class=\"elementor-loop-container elementor-grid\" role=\"list\">\n\t\t<style id=\"loop-19666\">.elementor-19666 .elementor-element.elementor-element-54e65b9{--display:flex;--min-height:261px;--flex-direction:column;--container-widget-width:calc( ( 1 - var( --container-widget-flex-grow ) ) * 100% );--container-widget-height:initial;--container-widget-flex-grow:0;--container-widget-align-self:initial;--flex-wrap-mobile:wrap;--justify-content:flex-end;--align-items:center;--gap:0px 0px;--row-gap:0px;--column-gap:0px;}.elementor-19666 .elementor-element.elementor-element-f0b7857{width:var( --container-widget-width, 80% );max-width:80%;--container-widget-width:80%;--container-widget-flex-grow:0;}.elementor-19666 .elementor-element.elementor-element-26fdf14 .elementor-button{font-family:\"01Barlow Condensed\", Sans-serif;font-size:38px;font-weight:500;text-transform:uppercase;fill:#000000;color:#000000;background-color:#FFFFFF;border-style:solid;border-width:2px 0px 0px 0px;border-color:#DEDEDE;border-radius:0px 0px 0px 0px;padding:4px 6px 0px 6px;}.elementor-19666 .elementor-element.elementor-element-26fdf14 > .elementor-widget-container{padding:10px 0px 0px 0px;}@media(max-width:1024px){.elementor-19666 .elementor-element.elementor-element-26fdf14 .elementor-button{font-size:37px;}}@media(min-width:768px){.elementor-19666 .elementor-element.elementor-element-54e65b9{--content-width:100%;}}@media(max-width:767px){.elementor-19666 .elementor-element.elementor-element-54e65b9{--min-height:180px;}.elementor-19666 .elementor-element.elementor-element-26fdf14 .elementor-button{font-size:31px;}}<\/style>\t\t<div data-elementor-type=\"loop-item\" data-elementor-id=\"19666\" class=\"elementor elementor-19666 e-loop-item e-loop-item-245 \" data-elementor-post-type=\"elementor_library\" data-custom-edit-handle=\"1\">\n\t\t\t<div data-particle_enable=\"false\" data-particle-mobile-disabled=\"false\" class=\"elementor-element elementor-element-54e65b9 e-flex e-con-boxed e-con e-parent\" data-id=\"54e65b9\" data-element_type=\"container\" data-e-type=\"container\">\n\t\t\t\t\t<div class=\"e-con-inner\">\n\t\t\t\t<div class=\"elementor-element elementor-element-f0b7857 elementor-widget__width-initial elementor-widget elementor-widget-image\" data-id=\"f0b7857\" data-element_type=\"widget\" data-e-type=\"widget\" data-widget_type=\"image.default\">\n\t\t\t\t<div class=\"elementor-widget-container\">\n\t\t\t\t\t\t\t\t\t\t\t\t\t\t\t\t<a href=\"https:\/\/josegourmet.store\/en\/product-category\/marcas\/abc\/\">\n\t\t\t\t\t\t\t<img fetchpriority=\"high\" decoding=\"async\" width=\"300\" height=\"300\" src=\"https:\/\/josegourmet.store\/wp-content\/uploads\/2026\/02\/abc-logo-1-300x300.png\" class=\"attachment-medium size-medium wp-image-20597\" alt=\"\" srcset=\"https:\/\/josegourmet.store\/wp-content\/uploads\/2026\/02\/abc-logo-1-300x300.png 300w, https:\/\/josegourmet.store\/wp-content\/uploads\/2026\/02\/abc-logo-1-100x100.png 100w, https:\/\/josegourmet.store\/wp-content\/uploads\/2026\/02\/abc-logo-1-64x64.png 64w, https:\/\/josegourmet.store\/wp-content\/uploads\/2026\/02\/abc-logo-1-150x150.png 150w, https:\/\/josegourmet.store\/wp-content\/uploads\/2026\/02\/abc-logo-1-12x12.png 12w, https:\/\/josegourmet.store\/wp-content\/uploads\/2026\/02\/abc-logo-1.png 512w\" sizes=\"(max-width: 300px) 100vw, 300px\" \/>\t\t\t\t\t\t\t\t<\/a>\n\t\t\t\t\t\t\t\t\t\t\t\t\t\t\t<\/div>\n\t\t\t\t<\/div>\n\t\t\t\t<div class=\"elementor-element elementor-element-26fdf14 elementor-align-center elementor-widget elementor-widget-button\" data-id=\"26fdf14\" data-element_type=\"widget\" data-e-type=\"widget\" data-widget_type=\"button.default\">\n\t\t\t\t<div class=\"elementor-widget-container\">\n\t\t\t\t\t\t\t\t\t<div class=\"elementor-button-wrapper\">\n\t\t\t\t\t<a class=\"elementor-button elementor-button-link elementor-size-sm elementor-animation-grow\" href=\"https:\/\/josegourmet.store\/en\/product-category\/marcas\/abc\/\">\n\t\t\t\t\t\t<span class=\"elementor-button-content-wrapper\">\n\t\t\t\t\t\t\t\t\t<span class=\"elementor-button-text\">ABC+<\/span>\n\t\t\t\t\t<\/span>\n\t\t\t\t\t<\/a>\n\t\t\t\t<\/div>\n\t\t\t\t\t\t\t\t<\/div>\n\t\t\t\t<\/div>\n\t\t\t\t\t<\/div>\n\t\t\t\t<\/div>\n\t\t\t\t<\/div>\n\t\t\t\t<div data-elementor-type=\"loop-item\" data-elementor-id=\"19666\" class=\"elementor elementor-19666 e-loop-item e-loop-item-246 \" data-elementor-post-type=\"elementor_library\" data-custom-edit-handle=\"1\">\n\t\t\t<div data-particle_enable=\"false\" data-particle-mobile-disabled=\"false\" class=\"elementor-element elementor-element-54e65b9 e-flex e-con-boxed e-con e-parent\" data-id=\"54e65b9\" data-element_type=\"container\" data-e-type=\"container\">\n\t\t\t\t\t<div class=\"e-con-inner\">\n\t\t\t\t<div class=\"elementor-element elementor-element-f0b7857 elementor-widget__width-initial elementor-widget elementor-widget-image\" data-id=\"f0b7857\" data-element_type=\"widget\" data-e-type=\"widget\" data-widget_type=\"image.default\">\n\t\t\t\t<div class=\"elementor-widget-container\">\n\t\t\t\t\t\t\t\t\t\t\t\t\t\t\t\t<a href=\"https:\/\/josegourmet.store\/en\/product-category\/marcas\/ati\/\">\n\t\t\t\t\t\t\t<img decoding=\"async\" width=\"300\" height=\"300\" src=\"https:\/\/josegourmet.store\/wp-content\/uploads\/2026\/02\/ati-logo-300x300.png\" class=\"attachment-medium size-medium wp-image-20595\" alt=\"\" srcset=\"https:\/\/josegourmet.store\/wp-content\/uploads\/2026\/02\/ati-logo-300x300.png 300w, https:\/\/josegourmet.store\/wp-content\/uploads\/2026\/02\/ati-logo-100x100.png 100w, https:\/\/josegourmet.store\/wp-content\/uploads\/2026\/02\/ati-logo-64x64.png 64w, https:\/\/josegourmet.store\/wp-content\/uploads\/2026\/02\/ati-logo-150x150.png 150w, https:\/\/josegourmet.store\/wp-content\/uploads\/2026\/02\/ati-logo-12x12.png 12w, https:\/\/josegourmet.store\/wp-content\/uploads\/2026\/02\/ati-logo.png 512w\" sizes=\"(max-width: 300px) 100vw, 300px\" \/>\t\t\t\t\t\t\t\t<\/a>\n\t\t\t\t\t\t\t\t\t\t\t\t\t\t\t<\/div>\n\t\t\t\t<\/div>\n\t\t\t\t<div class=\"elementor-element elementor-element-26fdf14 elementor-align-center elementor-widget elementor-widget-button\" data-id=\"26fdf14\" data-element_type=\"widget\" data-e-type=\"widget\" data-widget_type=\"button.default\">\n\t\t\t\t<div class=\"elementor-widget-container\">\n\t\t\t\t\t\t\t\t\t<div class=\"elementor-button-wrapper\">\n\t\t\t\t\t<a class=\"elementor-button elementor-button-link elementor-size-sm elementor-animation-grow\" href=\"https:\/\/josegourmet.store\/en\/product-category\/marcas\/ati\/\">\n\t\t\t\t\t\t<span class=\"elementor-button-content-wrapper\">\n\t\t\t\t\t\t\t\t\t<span class=\"elementor-button-text\">ATI<\/span>\n\t\t\t\t\t<\/span>\n\t\t\t\t\t<\/a>\n\t\t\t\t<\/div>\n\t\t\t\t\t\t\t\t<\/div>\n\t\t\t\t<\/div>\n\t\t\t\t\t<\/div>\n\t\t\t\t<\/div>\n\t\t\t\t<\/div>\n\t\t\t\t<div data-elementor-type=\"loop-item\" data-elementor-id=\"19666\" class=\"elementor elementor-19666 e-loop-item e-loop-item-243 \" data-elementor-post-type=\"elementor_library\" data-custom-edit-handle=\"1\">\n\t\t\t<div data-particle_enable=\"false\" data-particle-mobile-disabled=\"false\" class=\"elementor-element elementor-element-54e65b9 e-flex e-con-boxed e-con e-parent\" data-id=\"54e65b9\" data-element_type=\"container\" data-e-type=\"container\">\n\t\t\t\t\t<div class=\"e-con-inner\">\n\t\t\t\t<div class=\"elementor-element elementor-element-f0b7857 elementor-widget__width-initial elementor-widget elementor-widget-image\" data-id=\"f0b7857\" data-element_type=\"widget\" data-e-type=\"widget\" data-widget_type=\"image.default\">\n\t\t\t\t<div class=\"elementor-widget-container\">\n\t\t\t\t\t\t\t\t\t\t\t\t\t\t\t\t<a href=\"https:\/\/josegourmet.store\/en\/product-category\/marcas\/jose\/\">\n\t\t\t\t\t\t\t<img decoding=\"async\" width=\"300\" height=\"300\" src=\"https:\/\/josegourmet.store\/wp-content\/uploads\/2026\/02\/jose-logo-300x300.png\" class=\"attachment-medium size-medium wp-image-20599\" alt=\"\" srcset=\"https:\/\/josegourmet.store\/wp-content\/uploads\/2026\/02\/jose-logo-300x300.png 300w, https:\/\/josegourmet.store\/wp-content\/uploads\/2026\/02\/jose-logo-100x100.png 100w, https:\/\/josegourmet.store\/wp-content\/uploads\/2026\/02\/jose-logo-64x64.png 64w, https:\/\/josegourmet.store\/wp-content\/uploads\/2026\/02\/jose-logo-150x150.png 150w, https:\/\/josegourmet.store\/wp-content\/uploads\/2026\/02\/jose-logo-12x12.png 12w, https:\/\/josegourmet.store\/wp-content\/uploads\/2026\/02\/jose-logo.png 512w\" sizes=\"(max-width: 300px) 100vw, 300px\" \/>\t\t\t\t\t\t\t\t<\/a>\n\t\t\t\t\t\t\t\t\t\t\t\t\t\t\t<\/div>\n\t\t\t\t<\/div>\n\t\t\t\t<div class=\"elementor-element elementor-element-26fdf14 elementor-align-center elementor-widget elementor-widget-button\" data-id=\"26fdf14\" data-element_type=\"widget\" data-e-type=\"widget\" data-widget_type=\"button.default\">\n\t\t\t\t<div class=\"elementor-widget-container\">\n\t\t\t\t\t\t\t\t\t<div class=\"elementor-button-wrapper\">\n\t\t\t\t\t<a class=\"elementor-button elementor-button-link elementor-size-sm elementor-animation-grow\" href=\"https:\/\/josegourmet.store\/en\/product-category\/marcas\/jose\/\">\n\t\t\t\t\t\t<span class=\"elementor-button-content-wrapper\">\n\t\t\t\t\t\t\t\t\t<span class=\"elementor-button-text\">JOSE<\/span>\n\t\t\t\t\t<\/span>\n\t\t\t\t\t<\/a>\n\t\t\t\t<\/div>\n\t\t\t\t\t\t\t\t<\/div>\n\t\t\t\t<\/div>\n\t\t\t\t\t<\/div>\n\t\t\t\t<\/div>\n\t\t\t\t<\/div>\n\t\t\t\t<div data-elementor-type=\"loop-item\" data-elementor-id=\"19666\" class=\"elementor elementor-19666 e-loop-item e-loop-item-244 \" data-elementor-post-type=\"elementor_library\" data-custom-edit-handle=\"1\">\n\t\t\t<div data-particle_enable=\"false\" data-particle-mobile-disabled=\"false\" class=\"elementor-element elementor-element-54e65b9 e-flex e-con-boxed e-con e-parent\" data-id=\"54e65b9\" data-element_type=\"container\" data-e-type=\"container\">\n\t\t\t\t\t<div class=\"e-con-inner\">\n\t\t\t\t<div class=\"elementor-element elementor-element-f0b7857 elementor-widget__width-initial elementor-widget elementor-widget-image\" data-id=\"f0b7857\" data-element_type=\"widget\" data-e-type=\"widget\" data-widget_type=\"image.default\">\n\t\t\t\t<div class=\"elementor-widget-container\">\n\t\t\t\t\t\t\t\t\t\t\t\t\t\t\t\t<a href=\"https:\/\/josegourmet.store\/en\/product-category\/marcas\/maria\/\">\n\t\t\t\t\t\t\t<img loading=\"lazy\" decoding=\"async\" width=\"300\" height=\"300\" src=\"https:\/\/josegourmet.store\/wp-content\/uploads\/2026\/02\/maria-logo-1-300x300.png\" class=\"attachment-medium size-medium wp-image-20601\" alt=\"\" srcset=\"https:\/\/josegourmet.store\/wp-content\/uploads\/2026\/02\/maria-logo-1-300x300.png 300w, https:\/\/josegourmet.store\/wp-content\/uploads\/2026\/02\/maria-logo-1-100x100.png 100w, https:\/\/josegourmet.store\/wp-content\/uploads\/2026\/02\/maria-logo-1-64x64.png 64w, https:\/\/josegourmet.store\/wp-content\/uploads\/2026\/02\/maria-logo-1-150x150.png 150w, https:\/\/josegourmet.store\/wp-content\/uploads\/2026\/02\/maria-logo-1-12x12.png 12w, https:\/\/josegourmet.store\/wp-content\/uploads\/2026\/02\/maria-logo-1.png 512w\" sizes=\"(max-width: 300px) 100vw, 300px\" \/>\t\t\t\t\t\t\t\t<\/a>\n\t\t\t\t\t\t\t\t\t\t\t\t\t\t\t<\/div>\n\t\t\t\t<\/div>\n\t\t\t\t<div class=\"elementor-element elementor-element-26fdf14 elementor-align-center elementor-widget elementor-widget-button\" data-id=\"26fdf14\" data-element_type=\"widget\" data-e-type=\"widget\" data-widget_type=\"button.default\">\n\t\t\t\t<div class=\"elementor-widget-container\">\n\t\t\t\t\t\t\t\t\t<div class=\"elementor-button-wrapper\">\n\t\t\t\t\t<a class=\"elementor-button elementor-button-link elementor-size-sm elementor-animation-grow\" href=\"https:\/\/josegourmet.store\/en\/product-category\/marcas\/maria\/\">\n\t\t\t\t\t\t<span class=\"elementor-button-content-wrapper\">\n\t\t\t\t\t\t\t\t\t<span class=\"elementor-button-text\">MARIA<\/span>\n\t\t\t\t\t<\/span>\n\t\t\t\t\t<\/a>\n\t\t\t\t<\/div>\n\t\t\t\t\t\t\t\t<\/div>\n\t\t\t\t<\/div>\n\t\t\t\t\t<\/div>\n\t\t\t\t<\/div>\n\t\t\t\t<\/div>\n\t\t\t\t<\/div>\n\t\t\t\t\t\t<\/div>\n\t\t\t\t<\/div>\n\t\t\t\t\t<\/div>\n\t\t\t\t<\/div>\n\t\t\t\t<\/div>\n\t\t","protected":false},"excerpt":{"rendered":"<p>NOSSAS MARCAS 100 Mist\u00e9rios \u00e9 um universo de sabores, hist\u00f3rias e identidades que se unem num s\u00f3. Quatro marcas distintas, [&hellip;]<\/p>\n","protected":false},"author":1111,"featured_media":0,"parent":0,"menu_order":0,"comment_status":"closed","ping_status":"closed","template":"","meta":{"_acf_changed":false,"site-sidebar-layout":"no-sidebar","site-content-layout":"","ast-site-content-layout":"full-width-container","site-content-style":"default","site-sidebar-style":"default","ast-global-header-display":"disabled","ast-banner-title-visibility":"disabled","ast-main-header-display":"disabled","ast-hfb-above-header-display":"","ast-hfb-below-header-display":"","ast-hfb-mobile-header-display":"disabled","site-post-title":"","ast-breadcrumbs-content":"","ast-featured-img":"disabled","footer-sml-layout":"disabled","ast-disable-related-posts":"","theme-transparent-header-meta":"","adv-header-id-meta":"","stick-header-meta":"","header-above-stick-meta":"","header-main-stick-meta":"","header-below-stick-meta":"","astra-migrate-meta-layouts":"default","ast-page-background-enabled":"default","ast-page-background-meta":{"desktop":{"background-color":"var(--ast-global-color-5)","background-image":"","background-repeat":"repeat","background-position":"center center","background-size":"auto","background-attachment":"scroll","background-type":"","background-media":"","overlay-type":"","overlay-color":"","overlay-opacity":"","overlay-gradient":""},"tablet":{"background-color":"","background-image":"","background-repeat":"repeat","background-position":"center center","background-size":"auto","background-attachment":"scroll","background-type":"","background-media":"","overlay-type":"","overlay-color":"","overlay-opacity":"","overlay-gradient":""},"mobile":{"background-color":"","background-image":"","background-repeat":"repeat","background-position":"center center","background-size":"auto","background-attachment":"scroll","background-type":"","background-media":"","overlay-type":"","overlay-color":"","overlay-opacity":"","overlay-gradient":""}},"ast-content-background-meta":{"desktop":{"background-color":"var(--ast-global-color-4)","background-image":"","background-repeat":"repeat","background-position":"center center","background-size":"auto","background-attachment":"scroll","background-type":"","background-media":"","overlay-type":"","overlay-color":"","overlay-opacity":"","overlay-gradient":""},"tablet":{"background-color":"var(--ast-global-color-4)","background-image":"","background-repeat":"repeat","background-position":"center center","background-size":"auto","background-attachment":"scroll","background-type":"","background-media":"","overlay-type":"","overlay-color":"","overlay-opacity":"","overlay-gradient":""},"mobile":{"background-color":"var(--ast-global-color-4)","background-image":"","background-repeat":"repeat","background-position":"center center","background-size":"auto","background-attachment":"scroll","background-type":"","background-media":"","overlay-type":"","overlay-color":"","overlay-opacity":"","overlay-gradient":""}},"_joinchat":[],"footnotes":""},"class_list":["post-20433","page","type-page","status-publish","hentry"],"acf":[],"_links":{"self":[{"href":"https:\/\/josegourmet.store\/en\/wp-json\/wp\/v2\/pages\/20433","targetHints":{"allow":["GET"]}}],"collection":[{"href":"https:\/\/josegourmet.store\/en\/wp-json\/wp\/v2\/pages"}],"about":[{"href":"https:\/\/josegourmet.store\/en\/wp-json\/wp\/v2\/types\/page"}],"author":[{"embeddable":true,"href":"https:\/\/josegourmet.store\/en\/wp-json\/wp\/v2\/users\/1111"}],"replies":[{"embeddable":true,"href":"https:\/\/josegourmet.store\/en\/wp-json\/wp\/v2\/comments?post=20433"}],"version-history":[{"count":22,"href":"https:\/\/josegourmet.store\/en\/wp-json\/wp\/v2\/pages\/20433\/revisions"}],"predecessor-version":[{"id":20704,"href":"https:\/\/josegourmet.store\/en\/wp-json\/wp\/v2\/pages\/20433\/revisions\/20704"}],"wp:attachment":[{"href":"https:\/\/josegourmet.store\/en\/wp-json\/wp\/v2\/media?parent=20433"}],"curies":[{"name":"wp","href":"https:\/\/api.w.org\/{rel}","templated":true}]}}